{"id":32,"date":"2022-01-21T13:41:01","date_gmt":"2022-01-21T12:41:01","guid":{"rendered":"https:\/\/rexxon.freshkonzept.com\/elektronik-und-softwareentwicklung\/"},"modified":"2022-03-21T15:38:44","modified_gmt":"2022-03-21T14:38:44","slug":"elektronik-und-softwareentwicklung","status":"publish","type":"page","link":"https:\/\/www.rexxon.de\/en\/elektronik-und-softwareentwicklung\/","title":{"rendered":"Electronic- and softwaredevelopment"},"content":{"rendered":"<div class=\"wp-block-group unterseitenheader\"><div class=\"wp-block-group__inner-container is-layout-flow wp-block-group-is-layout-flow\">\n<figure class=\"wp-block-image size-full\"><img decoding=\"async\" width=\"1920\" height=\"600\" src=\"https:\/\/www.rexxon.de\/wp-content\/uploads\/2022\/02\/header_elektronik_software_neu.jpg\" alt=\"\" class=\"wp-image-287\" srcset=\"https:\/\/www.rexxon.de\/wp-content\/uploads\/2022\/02\/header_elektronik_software_neu.jpg 1920w, https:\/\/www.rexxon.de\/wp-content\/uploads\/2022\/02\/header_elektronik_software_neu-300x94.jpg 300w, https:\/\/www.rexxon.de\/wp-content\/uploads\/2022\/02\/header_elektronik_software_neu-1024x320.jpg 1024w, https:\/\/www.rexxon.de\/wp-content\/uploads\/2022\/02\/header_elektronik_software_neu-768x240.jpg 768w, https:\/\/www.rexxon.de\/wp-content\/uploads\/2022\/02\/header_elektronik_software_neu-1536x480.jpg 1536w, https:\/\/www.rexxon.de\/wp-content\/uploads\/2022\/02\/header_elektronik_software_neu-18x6.jpg 18w, https:\/\/www.rexxon.de\/wp-content\/uploads\/2022\/02\/header_elektronik_software_neu-500x156.jpg 500w, https:\/\/www.rexxon.de\/wp-content\/uploads\/2022\/02\/header_elektronik_software_neu-800x250.jpg 800w, https:\/\/www.rexxon.de\/wp-content\/uploads\/2022\/02\/header_elektronik_software_neu-1280x400.jpg 1280w\" sizes=\"(max-width: 1920px) 100vw, 1920px\" \/><\/figure>\n<\/div><\/div>\n\n\n\n<div class=\"wp-block-group fullwidth submenuholder\"><div class=\"wp-block-group__inner-container is-layout-flow wp-block-group-is-layout-flow\">\n<div class=\"wp-block-nk-awb nk-awb\"><div class=\"nk-awb-wrap\" data-awb-type=\"image\" data-awb-image-background-size=\"cover\" data-awb-image-background-position=\"50% 50%\" data-awb-parallax=\"scroll\" data-awb-parallax-speed=\"0.7\" data-awb-parallax-mobile=\"true\"><div class=\"nk-awb-inner\"><img decoding=\"async\" src=\"https:\/\/www.rexxon.de\/wp-content\/uploads\/2022\/01\/parallax_bg_tech_grau.jpg\" class=\"wp-image-54 jarallax-img is-layout-constrained wp-block-nk-awb-is-layout-constrained\" width=\"1920\" height=\"500\" srcset=\"https:\/\/www.rexxon.de\/wp-content\/uploads\/2022\/01\/parallax_bg_tech_grau.jpg 1920w, https:\/\/www.rexxon.de\/wp-content\/uploads\/2022\/01\/parallax_bg_tech_grau-300x78.jpg 300w, https:\/\/www.rexxon.de\/wp-content\/uploads\/2022\/01\/parallax_bg_tech_grau-1024x267.jpg 1024w, https:\/\/www.rexxon.de\/wp-content\/uploads\/2022\/01\/parallax_bg_tech_grau-768x200.jpg 768w, https:\/\/www.rexxon.de\/wp-content\/uploads\/2022\/01\/parallax_bg_tech_grau-1536x400.jpg 1536w, https:\/\/www.rexxon.de\/wp-content\/uploads\/2022\/01\/parallax_bg_tech_grau-18x5.jpg 18w, https:\/\/www.rexxon.de\/wp-content\/uploads\/2022\/01\/parallax_bg_tech_grau-500x130.jpg 500w, https:\/\/www.rexxon.de\/wp-content\/uploads\/2022\/01\/parallax_bg_tech_grau-800x208.jpg 800w, https:\/\/www.rexxon.de\/wp-content\/uploads\/2022\/01\/parallax_bg_tech_grau-1280x333.jpg 1280w\" sizes=\"(max-width: 1920px) 100vw, 1920px\" \/><\/div><\/div>\n<div class=\"wp-block-group maxwidth\"><div class=\"wp-block-group__inner-container is-layout-flow wp-block-group-is-layout-flow\">\n<h1 class=\"has-text-align-center wp-block-heading\" id=\"elektronik-und-softwareentwicklung\">Electronic- and softwaredevelopment<\/h1>\n<\/div><\/div>\n<\/div>\n<\/div><\/div>\n\n\n\n<div class=\"wp-block-group midwidth einleitung\"><div class=\"wp-block-group__inner-container is-layout-flow wp-block-group-is-layout-flow\">\n<div class=\"wp-block-columns is-layout-flex wp-container-core-columns-is-layout-9d6595d7 wp-block-columns-is-layout-flex\">\n<div class=\"wp-block-column is-layout-flow wp-block-column-is-layout-flow\">\n<p><strong>A comprehensive overview of technology forms the solid basis of our development results.<\/strong> With a view to the future we find the perfect solution for optimal coordination of your hardware and software projects. We use our extensive experience in the areas of rail vehicles and control electronics for mobile applications for you.<\/p>\n<\/div>\n\n\n\n<div class=\"wp-block-column is-layout-flow wp-block-column-is-layout-flow\">\n<p>Take advantage of our competences for your projects - we take over system responsibility. Of course we are also available to solve partial tasks in existing projects.<\/p>\n<\/div>\n<\/div>\n<\/div><\/div>\n\n\n\n<div class=\"wp-block-group fullwidth unterliste auflistungsmainholder\"><div class=\"wp-block-group__inner-container is-layout-flow wp-block-group-is-layout-flow\">\n<h2 class=\"wp-block-heading\" id=\"wir-liefern-folgende-produkte-und-dienstleistungen\">We supply the following products and services:<\/h2>\n\n\n\n<div class=\"wp-block-columns auflistungsspalten maxwidthplus is-layout-flex wp-container-core-columns-is-layout-9d6595d7 wp-block-columns-is-layout-flex\">\n<div class=\"wp-block-column auflistungsspalte is-layout-flow wp-block-column-is-layout-flow\">\n<div class=\"wp-block-group auflistungsholder\"><div class=\"wp-block-group__inner-container is-layout-flow wp-block-group-is-layout-flow\"><div class=\"su-spoiler su-spoiler-style-default su-spoiler-icon-chevron-circle mehrlesenacc2 su-spoiler-closed\" data-scroll-offset=\"0\" data-anchor-in-url=\"no\"><div class=\"su-spoiler-title\" tabindex=\"0\" role=\"button\"><span class=\"su-spoiler-icon\"><\/span>Softwaredevelopment<\/div><div class=\"su-spoiler-content su-u-clearfix su-u-trim\">\n\n\n\n<ul class=\"wp-block-list\"><li>Creating concepts, requirement specifications, obligations and specifications<\/li><li>Software development for embedded contol (MPC5200, MPC5125, STM32F407IGT)<\/li><li>Hardware-related programming (C \/ C++, Assembler)<\/li><li>Application development according to IEC 61131-3 (e.g. CoDeSys)<\/li><li>Development of security-relevant software according to EN 50657 (admissible documentation)<\/li><li>Development of real-time applications<\/li><li>Project planning of circuits<\/li><li>Signal analysis<\/li><li>Process visualization<\/li><li>Computer software for service and diagnosis<\/li><li>Communication interface and protocols for the transmission of process and diagnostic data (e.g. CAN, CANopen, CUP, various ethernet protocols)<\/li><li>Creation of software quality documentation<\/li><li>Product verification with end customers or authorisation authorities<\/li><li>Software documentation according to customer specification<\/li><\/ul>\n\n\n<\/div><\/div>\n<\/div><\/div>\n<\/div>\n\n\n\n<div class=\"wp-block-column auflistungsspalte is-layout-flow wp-block-column-is-layout-flow\">\n<div class=\"wp-block-group auflistungsholder\"><div class=\"wp-block-group__inner-container is-layout-flow wp-block-group-is-layout-flow\"><div class=\"su-spoiler su-spoiler-style-default su-spoiler-icon-chevron-circle mehrlesenacc2 su-spoiler-closed\" data-scroll-offset=\"0\" data-anchor-in-url=\"no\"><div class=\"su-spoiler-title\" tabindex=\"0\" role=\"button\"><span class=\"su-spoiler-icon\"><\/span>Electronic development<\/div><div class=\"su-spoiler-content su-u-clearfix su-u-trim\">\n\n\n\n<ul class=\"wp-block-list\"><li>Creating concepts, requirement specifications, obligations and specifications<\/li><li>Design of electronic systems and assemblies<\/li><li>Circuit development in the field of analogue and digital technology \/ microprocessor technology<\/li><li>Embedded Control (z.B. MPC5200, MPC5125, STM32F407IGT<\/li><li>Creation of assemblies electric flow plans (EA-Software \"CADSTAR\")<\/li><li>Creation of EMC-compliant printed circuit board layouts<\/li><li>Creation of part specifications, BOM, test requirements and manufacturing regulations<\/li><li>Support of type tests (environment, vibration, shock, EMV, electrical safety)<\/li><li>Creation of device low plans leglists (CAE-Software \"E3\")<\/li><li>Planning and execution of testing and optimization<\/li><li>Numerical simulation<\/li><li>Development of digital filters<\/li><li>Creation of quality documentation<\/li><li>Product verification with end customers or authorisation authorities<\/li><li>Project documentation according to customer specification<\/li><li>Development of testing equipment<\/li><li>Prototype production<\/li><\/ul>\n\n\n<\/div><\/div>\n<\/div><\/div>\n<\/div>\n<\/div>\n<\/div><\/div>\n\n\n\n<div class=\"wp-block-group fullwidth bubbletextholder\"><div class=\"wp-block-group__inner-container is-layout-flow wp-block-group-is-layout-flow\">\n<h3 class=\"has-text-align-center wp-block-heading\" id=\"ausgewahlte-produkte\">Selected products<\/h3>\n\n\n\n<p class=\"has-text-align-center\">Here you will find a selection of our products in the field of electronic and software development. <br>More detailed information on these and other products is available on <a href=\"\/en\/kontakt\/\">request<\/a>.<\/p>\n\n\n\n<div class=\"wp-block-group fullwidth bubbletextgrp\"><div class=\"wp-block-group__inner-container is-layout-flow wp-block-group-is-layout-flow\">\n<div class=\"wp-block-columns midwidth bubbletextspalten is-layout-flex wp-container-core-columns-is-layout-9d6595d7 wp-block-columns-is-layout-flex\">\n<div class=\"wp-block-column bubbletextspaltebild is-layout-flow wp-block-column-is-layout-flow\" style=\"flex-basis:33.33%\">\n<figure class=\"wp-block-image size-full\"><img decoding=\"async\" width=\"400\" height=\"400\" src=\"https:\/\/www.rexxon.de\/wp-content\/uploads\/2022\/02\/steuerung.jpg\" alt=\"\" class=\"wp-image-289\" srcset=\"https:\/\/www.rexxon.de\/wp-content\/uploads\/2022\/02\/steuerung.jpg 400w, https:\/\/www.rexxon.de\/wp-content\/uploads\/2022\/02\/steuerung-300x300.jpg 300w, https:\/\/www.rexxon.de\/wp-content\/uploads\/2022\/02\/steuerung-150x150.jpg 150w, https:\/\/www.rexxon.de\/wp-content\/uploads\/2022\/02\/steuerung-12x12.jpg 12w\" sizes=\"(max-width: 400px) 100vw, 400px\" \/><\/figure>\n<\/div>\n\n\n\n<div class=\"wp-block-column bubbletextspaltetext is-layout-flow wp-block-column-is-layout-flow\" style=\"flex-basis:66.66%\">\n<div class=\"wp-block-group bubbletextspaltetextholder\"><div class=\"wp-block-group__inner-container is-layout-flow wp-block-group-is-layout-flow\">\n<h3 class=\"wp-block-heading\" id=\"steuerung-und-regelung-von-klimasystemen\">Control and regulation of climate systems<\/h3>\n\n\n\n<p>Development of climate control devices as hardware with the associated software.<\/p>\n<\/div><\/div>\n<\/div>\n<\/div>\n<\/div><\/div>\n\n\n\n<div class=\"wp-block-group fullwidth bubbletextgrp\"><div class=\"wp-block-group__inner-container is-layout-flow wp-block-group-is-layout-flow\">\n<div class=\"wp-block-columns midwidth bubbletextspalten is-layout-flex wp-container-core-columns-is-layout-9d6595d7 wp-block-columns-is-layout-flex\">\n<div class=\"wp-block-column bubbletextspaltebild is-layout-flow wp-block-column-is-layout-flow\" style=\"flex-basis:33.33%\">\n<figure class=\"wp-block-image size-full\"><img decoding=\"async\" width=\"400\" height=\"400\" src=\"https:\/\/www.rexxon.de\/wp-content\/uploads\/2022\/02\/steuersystem-1.jpg\" alt=\"\" class=\"wp-image-290\" srcset=\"https:\/\/www.rexxon.de\/wp-content\/uploads\/2022\/02\/steuersystem-1.jpg 400w, https:\/\/www.rexxon.de\/wp-content\/uploads\/2022\/02\/steuersystem-1-300x300.jpg 300w, https:\/\/www.rexxon.de\/wp-content\/uploads\/2022\/02\/steuersystem-1-150x150.jpg 150w, https:\/\/www.rexxon.de\/wp-content\/uploads\/2022\/02\/steuersystem-1-12x12.jpg 12w\" sizes=\"(max-width: 400px) 100vw, 400px\" \/><\/figure>\n<\/div>\n\n\n\n<div class=\"wp-block-column bubbletextspaltetext is-layout-flow wp-block-column-is-layout-flow\" style=\"flex-basis:66.66%\">\n<div class=\"wp-block-group bubbletextspaltetextholder\"><div class=\"wp-block-group__inner-container is-layout-flow wp-block-group-is-layout-flow\">\n<h3 class=\"wp-block-heading\" id=\"rexxon-kompaktklimagerat-1\">Control systems for security-relevant applications<\/h3>\n\n\n\n<p>Development and qualification of brake control devices for rail vehicles<\/p>\n<\/div><\/div>\n<\/div>\n<\/div>\n<\/div><\/div>\n<\/div><\/div>","protected":false},"excerpt":{"rendered":"<p>Eine umfassende Technologie\u00fcbersicht bildet die solide Grundlage unserer erfolgreichen Entwicklungsergebnisse. Mit dem Blick in die Zukunft finden wir die perfekte L\u00f6sung zur optimalen Abstimmung Ihrer Hard- und Software Projekte. Unsere weitreichenden Erfahrungen in den Bereichen Schienenfahrzeuge und Steuerungselektronik f\u00fcr mobile Anwendungen setzen wir f\u00fcr Sie ein. Nutzen Sie unsere Kompetenzen f\u00fcr Ihre Projekte \u2013 wir [&hellip;]<\/p>\n","protected":false},"author":1,"featured_media":0,"parent":0,"menu_order":3,"comment_status":"closed","ping_status":"closed","template":"","meta":{"footnotes":""},"class_list":["post-32","page","type-page","status-publish","hentry"],"yoast_head":"<!-- This site is optimized with the Yoast SEO plugin v27.5 - https:\/\/yoast.com\/product\/yoast-seo-wordpress\/ -->\n<title>Elektronik- und Softwareentwicklung by Rexxon<\/title>\n<meta name=\"description\" content=\"Eine umfassende Technologie\u00fcbersicht bildet die solide Grundlage unserer Arbeit in der Elektronik- und Softwareentwicklung...\" \/>\n<meta name=\"robots\" content=\"index, follow, max-snippet:-1, max-image-preview:large, max-video-preview:-1\" \/>\n<link rel=\"canonical\" href=\"https:\/\/www.rexxon.de\/en\/elektronik-und-softwareentwicklung\/\" \/>\n<meta property=\"og:locale\" content=\"en_GB\" \/>\n<meta property=\"og:type\" content=\"article\" \/>\n<meta property=\"og:title\" content=\"Elektronik- und Softwareentwicklung by Rexxon\" \/>\n<meta property=\"og:description\" content=\"Eine umfassende Technologie\u00fcbersicht bildet die solide Grundlage unserer Arbeit in der Elektronik- und Softwareentwicklung...\" \/>\n<meta property=\"og:url\" content=\"https:\/\/www.rexxon.de\/en\/elektronik-und-softwareentwicklung\/\" \/>\n<meta property=\"og:site_name\" content=\"Rexxon\" \/>\n<meta property=\"article:modified_time\" content=\"2022-03-21T14:38:44+00:00\" \/>\n<meta property=\"og:image\" content=\"https:\/\/www.rexxon.de\/wp-content\/uploads\/2022\/02\/header_elektronik_software_neu.jpg\" \/>\n<meta name=\"twitter:card\" content=\"summary_large_image\" \/>\n<meta name=\"twitter:label1\" content=\"Estimated reading time\" \/>\n\t<meta name=\"twitter:data1\" content=\"3 minutes\" \/>\n<script type=\"application\/ld+json\" class=\"yoast-schema-graph\">{\"@context\":\"https:\\\/\\\/schema.org\",\"@graph\":[{\"@type\":\"WebPage\",\"@id\":\"https:\\\/\\\/www.rexxon.de\\\/elektronik-und-softwareentwicklung\\\/\",\"url\":\"https:\\\/\\\/www.rexxon.de\\\/elektronik-und-softwareentwicklung\\\/\",\"name\":\"Elektronik- und Softwareentwicklung by Rexxon\",\"isPartOf\":{\"@id\":\"https:\\\/\\\/www.rexxon.de\\\/#website\"},\"primaryImageOfPage\":{\"@id\":\"https:\\\/\\\/www.rexxon.de\\\/elektronik-und-softwareentwicklung\\\/#primaryimage\"},\"image\":{\"@id\":\"https:\\\/\\\/www.rexxon.de\\\/elektronik-und-softwareentwicklung\\\/#primaryimage\"},\"thumbnailUrl\":\"https:\\\/\\\/www.rexxon.de\\\/wp-content\\\/uploads\\\/2022\\\/02\\\/header_elektronik_software_neu.jpg\",\"datePublished\":\"2022-01-21T12:41:01+00:00\",\"dateModified\":\"2022-03-21T14:38:44+00:00\",\"description\":\"Eine umfassende Technologie\u00fcbersicht bildet die solide Grundlage unserer Arbeit in der Elektronik- und Softwareentwicklung...\",\"breadcrumb\":{\"@id\":\"https:\\\/\\\/www.rexxon.de\\\/elektronik-und-softwareentwicklung\\\/#breadcrumb\"},\"inLanguage\":\"en-GB\",\"potentialAction\":[{\"@type\":\"ReadAction\",\"target\":[\"https:\\\/\\\/www.rexxon.de\\\/elektronik-und-softwareentwicklung\\\/\"]}]},{\"@type\":\"ImageObject\",\"inLanguage\":\"en-GB\",\"@id\":\"https:\\\/\\\/www.rexxon.de\\\/elektronik-und-softwareentwicklung\\\/#primaryimage\",\"url\":\"https:\\\/\\\/www.rexxon.de\\\/wp-content\\\/uploads\\\/2022\\\/02\\\/header_elektronik_software_neu.jpg\",\"contentUrl\":\"https:\\\/\\\/www.rexxon.de\\\/wp-content\\\/uploads\\\/2022\\\/02\\\/header_elektronik_software_neu.jpg\"},{\"@type\":\"BreadcrumbList\",\"@id\":\"https:\\\/\\\/www.rexxon.de\\\/elektronik-und-softwareentwicklung\\\/#breadcrumb\",\"itemListElement\":[{\"@type\":\"ListItem\",\"position\":1,\"name\":\"Startseite\",\"item\":\"https:\\\/\\\/www.rexxon.de\\\/\"},{\"@type\":\"ListItem\",\"position\":2,\"name\":\"Elektronik- und Softwareentwicklung\"}]},{\"@type\":\"WebSite\",\"@id\":\"https:\\\/\\\/www.rexxon.de\\\/#website\",\"url\":\"https:\\\/\\\/www.rexxon.de\\\/\",\"name\":\"Rexxon\",\"description\":\"Ihr Spezialist f\u00fcr Klimatechnik, Elektronik,  elektrotechnische Ausr\u00fcstung und Software f\u00fcr den mobilen Einsatz\",\"publisher\":{\"@id\":\"https:\\\/\\\/www.rexxon.de\\\/#organization\"},\"potentialAction\":[{\"@type\":\"SearchAction\",\"target\":{\"@type\":\"EntryPoint\",\"urlTemplate\":\"https:\\\/\\\/www.rexxon.de\\\/?s={search_term_string}\"},\"query-input\":{\"@type\":\"PropertyValueSpecification\",\"valueRequired\":true,\"valueName\":\"search_term_string\"}}],\"inLanguage\":\"en-GB\"},{\"@type\":\"Organization\",\"@id\":\"https:\\\/\\\/www.rexxon.de\\\/#organization\",\"name\":\"REXXON GmbH\",\"url\":\"https:\\\/\\\/www.rexxon.de\\\/\",\"logo\":{\"@type\":\"ImageObject\",\"inLanguage\":\"en-GB\",\"@id\":\"https:\\\/\\\/www.rexxon.de\\\/#\\\/schema\\\/logo\\\/image\\\/\",\"url\":\"https:\\\/\\\/www.rexxon.de\\\/wp-content\\\/uploads\\\/2022\\\/01\\\/logo_rexxon.png\",\"contentUrl\":\"https:\\\/\\\/www.rexxon.de\\\/wp-content\\\/uploads\\\/2022\\\/01\\\/logo_rexxon.png\",\"width\":600,\"height\":268,\"caption\":\"REXXON GmbH\"},\"image\":{\"@id\":\"https:\\\/\\\/www.rexxon.de\\\/#\\\/schema\\\/logo\\\/image\\\/\"},\"sameAs\":[\"https:\\\/\\\/www.linkedin.com\\\/company\\\/rexxon-flensburg\"]}]}<\/script>\n<!-- \/ Yoast SEO plugin. -->","yoast_head_json":{"title":"Elektronik- und Softwareentwicklung by Rexxon","description":"Eine umfassende Technologie\u00fcbersicht bildet die solide Grundlage unserer Arbeit in der Elektronik- und Softwareentwicklung...","robots":{"index":"index","follow":"follow","max-snippet":"max-snippet:-1","max-image-preview":"max-image-preview:large","max-video-preview":"max-video-preview:-1"},"canonical":"https:\/\/www.rexxon.de\/en\/elektronik-und-softwareentwicklung\/","og_locale":"en_GB","og_type":"article","og_title":"Elektronik- und Softwareentwicklung by Rexxon","og_description":"Eine umfassende Technologie\u00fcbersicht bildet die solide Grundlage unserer Arbeit in der Elektronik- und Softwareentwicklung...","og_url":"https:\/\/www.rexxon.de\/en\/elektronik-und-softwareentwicklung\/","og_site_name":"Rexxon","article_modified_time":"2022-03-21T14:38:44+00:00","og_image":[{"url":"https:\/\/www.rexxon.de\/wp-content\/uploads\/2022\/02\/header_elektronik_software_neu.jpg","type":"","width":"","height":""}],"twitter_card":"summary_large_image","twitter_misc":{"Estimated reading time":"3 minutes"},"schema":{"@context":"https:\/\/schema.org","@graph":[{"@type":"WebPage","@id":"https:\/\/www.rexxon.de\/elektronik-und-softwareentwicklung\/","url":"https:\/\/www.rexxon.de\/elektronik-und-softwareentwicklung\/","name":"Elektronik- und Softwareentwicklung by Rexxon","isPartOf":{"@id":"https:\/\/www.rexxon.de\/#website"},"primaryImageOfPage":{"@id":"https:\/\/www.rexxon.de\/elektronik-und-softwareentwicklung\/#primaryimage"},"image":{"@id":"https:\/\/www.rexxon.de\/elektronik-und-softwareentwicklung\/#primaryimage"},"thumbnailUrl":"https:\/\/www.rexxon.de\/wp-content\/uploads\/2022\/02\/header_elektronik_software_neu.jpg","datePublished":"2022-01-21T12:41:01+00:00","dateModified":"2022-03-21T14:38:44+00:00","description":"Eine umfassende Technologie\u00fcbersicht bildet die solide Grundlage unserer Arbeit in der Elektronik- und Softwareentwicklung...","breadcrumb":{"@id":"https:\/\/www.rexxon.de\/elektronik-und-softwareentwicklung\/#breadcrumb"},"inLanguage":"en-GB","potentialAction":[{"@type":"ReadAction","target":["https:\/\/www.rexxon.de\/elektronik-und-softwareentwicklung\/"]}]},{"@type":"ImageObject","inLanguage":"en-GB","@id":"https:\/\/www.rexxon.de\/elektronik-und-softwareentwicklung\/#primaryimage","url":"https:\/\/www.rexxon.de\/wp-content\/uploads\/2022\/02\/header_elektronik_software_neu.jpg","contentUrl":"https:\/\/www.rexxon.de\/wp-content\/uploads\/2022\/02\/header_elektronik_software_neu.jpg"},{"@type":"BreadcrumbList","@id":"https:\/\/www.rexxon.de\/elektronik-und-softwareentwicklung\/#breadcrumb","itemListElement":[{"@type":"ListItem","position":1,"name":"Startseite","item":"https:\/\/www.rexxon.de\/"},{"@type":"ListItem","position":2,"name":"Elektronik- und Softwareentwicklung"}]},{"@type":"WebSite","@id":"https:\/\/www.rexxon.de\/#website","url":"https:\/\/www.rexxon.de\/","name":"Rexxon","description":"Ihr Spezialist f\u00fcr Klimatechnik, Elektronik,  elektrotechnische Ausr\u00fcstung und Software f\u00fcr den mobilen Einsatz","publisher":{"@id":"https:\/\/www.rexxon.de\/#organization"},"potentialAction":[{"@type":"SearchAction","target":{"@type":"EntryPoint","urlTemplate":"https:\/\/www.rexxon.de\/?s={search_term_string}"},"query-input":{"@type":"PropertyValueSpecification","valueRequired":true,"valueName":"search_term_string"}}],"inLanguage":"en-GB"},{"@type":"Organization","@id":"https:\/\/www.rexxon.de\/#organization","name":"REXXON GmbH","url":"https:\/\/www.rexxon.de\/","logo":{"@type":"ImageObject","inLanguage":"en-GB","@id":"https:\/\/www.rexxon.de\/#\/schema\/logo\/image\/","url":"https:\/\/www.rexxon.de\/wp-content\/uploads\/2022\/01\/logo_rexxon.png","contentUrl":"https:\/\/www.rexxon.de\/wp-content\/uploads\/2022\/01\/logo_rexxon.png","width":600,"height":268,"caption":"REXXON GmbH"},"image":{"@id":"https:\/\/www.rexxon.de\/#\/schema\/logo\/image\/"},"sameAs":["https:\/\/www.linkedin.com\/company\/rexxon-flensburg"]}]}},"_links":{"self":[{"href":"https:\/\/www.rexxon.de\/en\/wp-json\/wp\/v2\/pages\/32","targetHints":{"allow":["GET"]}}],"collection":[{"href":"https:\/\/www.rexxon.de\/en\/wp-json\/wp\/v2\/pages"}],"about":[{"href":"https:\/\/www.rexxon.de\/en\/wp-json\/wp\/v2\/types\/page"}],"author":[{"embeddable":true,"href":"https:\/\/www.rexxon.de\/en\/wp-json\/wp\/v2\/users\/1"}],"replies":[{"embeddable":true,"href":"https:\/\/www.rexxon.de\/en\/wp-json\/wp\/v2\/comments?post=32"}],"version-history":[{"count":11,"href":"https:\/\/www.rexxon.de\/en\/wp-json\/wp\/v2\/pages\/32\/revisions"}],"predecessor-version":[{"id":372,"href":"https:\/\/www.rexxon.de\/en\/wp-json\/wp\/v2\/pages\/32\/revisions\/372"}],"wp:attachment":[{"href":"https:\/\/www.rexxon.de\/en\/wp-json\/wp\/v2\/media?parent=32"}],"curies":[{"name":"wp","href":"https:\/\/api.w.org\/{rel}","templated":true}]}}