{"id":21,"date":"2022-01-07T11:00:40","date_gmt":"2022-01-07T10:00:40","guid":{"rendered":"https:\/\/rexxon.freshkonzept.com\/kontakt\/"},"modified":"2025-01-30T10:01:17","modified_gmt":"2025-01-30T09:01:17","slug":"kontakt","status":"publish","type":"page","link":"https:\/\/www.rexxon.de\/en\/kontakt\/","title":{"rendered":"Contact"},"content":{"rendered":"<div class=\"wp-block-group unterseitenheader\"><div class=\"wp-block-group__inner-container is-layout-flow wp-block-group-is-layout-flow\">\n<figure class=\"wp-block-image size-full\"><img decoding=\"async\" width=\"1920\" height=\"600\" src=\"https:\/\/www.rexxon.de\/wp-content\/uploads\/2022\/02\/header_kontakt.jpg\" alt=\"\" class=\"wp-image-259\" srcset=\"https:\/\/www.rexxon.de\/wp-content\/uploads\/2022\/02\/header_kontakt.jpg 1920w, https:\/\/www.rexxon.de\/wp-content\/uploads\/2022\/02\/header_kontakt-300x94.jpg 300w, https:\/\/www.rexxon.de\/wp-content\/uploads\/2022\/02\/header_kontakt-1024x320.jpg 1024w, https:\/\/www.rexxon.de\/wp-content\/uploads\/2022\/02\/header_kontakt-768x240.jpg 768w, https:\/\/www.rexxon.de\/wp-content\/uploads\/2022\/02\/header_kontakt-1536x480.jpg 1536w, https:\/\/www.rexxon.de\/wp-content\/uploads\/2022\/02\/header_kontakt-18x6.jpg 18w, https:\/\/www.rexxon.de\/wp-content\/uploads\/2022\/02\/header_kontakt-500x156.jpg 500w, https:\/\/www.rexxon.de\/wp-content\/uploads\/2022\/02\/header_kontakt-800x250.jpg 800w, https:\/\/www.rexxon.de\/wp-content\/uploads\/2022\/02\/header_kontakt-1280x400.jpg 1280w\" sizes=\"(max-width: 1920px) 100vw, 1920px\" \/><\/figure>\n<\/div><\/div>\n\n\n\n<div class=\"wp-block-group fullwidth submenuholder\"><div class=\"wp-block-group__inner-container is-layout-flow wp-block-group-is-layout-flow\">\n<div class=\"wp-block-nk-awb nk-awb\"><div class=\"nk-awb-wrap\" data-awb-type=\"image\" data-awb-parallax=\"scroll\" data-awb-parallax-speed=\"0.7\" data-awb-parallax-mobile=\"true\" data-awb-image-background-size=\"cover\" data-awb-image-background-position=\"50% 50%\"><div class=\"nk-awb-inner\"><img decoding=\"async\" src=\"https:\/\/www.rexxon.de\/wp-content\/uploads\/2022\/01\/parallax_bg_tech_grau.jpg\" class=\"wp-image-54 jarallax-img\" width=\"1920\" height=\"500\" srcset=\"https:\/\/www.rexxon.de\/wp-content\/uploads\/2022\/01\/parallax_bg_tech_grau.jpg 1920w, https:\/\/www.rexxon.de\/wp-content\/uploads\/2022\/01\/parallax_bg_tech_grau-300x78.jpg 300w, https:\/\/www.rexxon.de\/wp-content\/uploads\/2022\/01\/parallax_bg_tech_grau-1024x267.jpg 1024w, https:\/\/www.rexxon.de\/wp-content\/uploads\/2022\/01\/parallax_bg_tech_grau-768x200.jpg 768w, https:\/\/www.rexxon.de\/wp-content\/uploads\/2022\/01\/parallax_bg_tech_grau-1536x400.jpg 1536w, https:\/\/www.rexxon.de\/wp-content\/uploads\/2022\/01\/parallax_bg_tech_grau-18x5.jpg 18w, https:\/\/www.rexxon.de\/wp-content\/uploads\/2022\/01\/parallax_bg_tech_grau-500x130.jpg 500w, https:\/\/www.rexxon.de\/wp-content\/uploads\/2022\/01\/parallax_bg_tech_grau-800x208.jpg 800w, https:\/\/www.rexxon.de\/wp-content\/uploads\/2022\/01\/parallax_bg_tech_grau-1280x333.jpg 1280w\" sizes=\"(max-width: 1920px) 100vw, 1920px\" \/><\/div><\/div><div class=\"nk-awb-wrap-content is-layout-constrained wp-block-nk-awb-is-layout-constrained\">\n<h1 class=\"wp-block-heading has-text-align-center\" id=\"kontakt-zu-rexxon\">Contact to Rexxon<\/h1>\n\n\n\n<p class=\"has-text-align-center\"><strong>Write us or just call us! <br><\/strong>We look forward to your request and are happy to assist you in an individual consultation.<\/p>\n<\/div><\/div>\n<\/div><\/div>\n\n\n\n<div class=\"wp-block-group maxwidth einleitung\"><div class=\"wp-block-group__inner-container is-layout-flow wp-block-group-is-layout-flow\">\n<div style=\"height:50px\" aria-hidden=\"true\" class=\"wp-block-spacer\"><\/div>\n\n\n\n<div class=\"wp-block-columns kontaktspalten is-layout-flex wp-container-core-columns-is-layout-9d6595d7 wp-block-columns-is-layout-flex\">\n<div class=\"wp-block-column formularspalte is-layout-flow wp-block-column-is-layout-flow\" style=\"flex-basis:60%\" id=\"kontaktformular\">\n<div class=\"wpcf7 no-js\" id=\"wpcf7-f117-o1\" lang=\"de-DE\" dir=\"ltr\" data-wpcf7-id=\"117\">\n<div class=\"screen-reader-response\"><p role=\"status\" aria-live=\"polite\" aria-atomic=\"true\"><\/p> <ul><\/ul><\/div>\n<form action=\"\/en\/wp-json\/wp\/v2\/pages\/21#wpcf7-f117-o1\" method=\"post\" class=\"wpcf7-form init\" aria-label=\"Contact form\" novalidate=\"novalidate\" data-status=\"init\" data-trp-original-action=\"\/en\/wp-json\/wp\/v2\/pages\/21#wpcf7-f117-o1\">\n<fieldset class=\"hidden-fields-container\"><input type=\"hidden\" name=\"_wpcf7\" value=\"117\" \/><input type=\"hidden\" name=\"_wpcf7_version\" value=\"6.1.5\" \/><input type=\"hidden\" name=\"_wpcf7_locale\" value=\"de_DE\" \/><input type=\"hidden\" name=\"_wpcf7_unit_tag\" value=\"wpcf7-f117-o1\" \/><input type=\"hidden\" name=\"_wpcf7_container_post\" value=\"0\" \/><input type=\"hidden\" name=\"_wpcf7_posted_data_hash\" value=\"\" \/>\n<\/fieldset>\n<p><label> first name, name | company<br \/>\n<span class=\"wpcf7-form-control-wrap\" data-name=\"your-name\"><input size=\"40\" maxlength=\"400\" class=\"wpcf7-form-control wpcf7-text wpcf7-validates-as-required\" aria-required=\"true\" aria-invalid=\"false\" value=\"\" type=\"text\" name=\"your-name\" \/><\/span> <\/label>\n<\/p>\n<p><label> e-mail adress<br \/>\n<span class=\"wpcf7-form-control-wrap\" data-name=\"your-email\"><input size=\"40\" maxlength=\"400\" class=\"wpcf7-form-control wpcf7-email wpcf7-validates-as-required wpcf7-text wpcf7-validates-as-email\" aria-required=\"true\" aria-invalid=\"false\" value=\"\" type=\"email\" name=\"your-email\" \/><\/span> <\/label>\n<\/p>\n<p><label> phone number<br \/>\n<span class=\"wpcf7-form-control-wrap\" data-name=\"your-phone\"><input size=\"40\" maxlength=\"400\" class=\"wpcf7-form-control wpcf7-tel wpcf7-validates-as-required wpcf7-text wpcf7-validates-as-tel\" aria-required=\"true\" aria-invalid=\"false\" value=\"\" type=\"tel\" name=\"your-phone\" \/><\/span> <\/label>\n<\/p>\n<p><label> subject<br \/>\n<span class=\"wpcf7-form-control-wrap\" data-name=\"your-subject\"><input size=\"40\" maxlength=\"400\" class=\"wpcf7-form-control wpcf7-text wpcf7-validates-as-required\" aria-required=\"true\" aria-invalid=\"false\" value=\"\" type=\"text\" name=\"your-subject\" \/><\/span> <\/label>\n<\/p>\n<p><label> message<br \/>\n<span class=\"wpcf7-form-control-wrap\" data-name=\"your-message\"><textarea cols=\"40\" rows=\"10\" maxlength=\"2000\" class=\"wpcf7-form-control wpcf7-textarea\" aria-invalid=\"false\" name=\"your-message\"><\/textarea><\/span> <\/label>\n<\/p>\n<hr \/>\n<p><label class=\"einverstaendnis\"> <span class=\"wpcf7-form-control-wrap\" data-name=\"acceptance-253\"><span class=\"wpcf7-form-control wpcf7-acceptance\"><span class=\"wpcf7-list-item\"><input type=\"checkbox\" name=\"acceptance-253\" value=\"1\" class=\"accept\" aria-invalid=\"false\" \/><\/span><\/span><\/span> We treat you data confidentially and do not pass it on to third parties. Read our <a href=\"\/en\/datenschutzerklaerung\/\" target=\"_blank\">Privacy policy<\/a>. By using the form you confirm that accept the privacy policy. <\/label>\n<\/p>\n<div style=\"height:20px\" aria-hidden=\"true\" class=\"wp-block-spacer\">\n<\/div>\n<hr \/>\n<p><label class=\"captcha\"> Add the following code: <input type=\"hidden\" name=\"_wpcf7_captcha_challenge_captcha-118\" value=\"1069008583\" \/><img decoding=\"async\" class=\"wpcf7-form-control wpcf7-captchac wpcf7-captcha-captcha-118\" width=\"84\" height=\"28\" alt=\"captcha\" src=\"https:\/\/www.rexxon.de\/wp-content\/uploads\/wpcf7_captcha\/1069008583.png\" \/><br \/>\n<span class=\"wpcf7-form-control-wrap\" data-name=\"captcha-118\"><input size=\"4\" maxlength=\"4\" class=\"wpcf7-form-control wpcf7-captchar\" autocomplete=\"off\" aria-invalid=\"false\" value=\"\" type=\"text\" name=\"captcha-118\" \/><\/span> <\/label>\n<\/p>\n<p><span id=\"wpcf7-69fb4ac124061-wrapper\" class=\"wpcf7-form-control-wrap absendebestaetigung1-wrap\" style=\"display:none !important; visibility:hidden !important;\"><label for=\"wpcf7-69fb4ac124061-field\" class=\"hp-message\">Bitte lasse dieses Feld leer.<\/label><input id=\"wpcf7-69fb4ac124061-field\"  class=\"wpcf7-form-control wpcf7-text\" type=\"text\" name=\"absendebestaetigung1\" value=\"\" size=\"40\" tabindex=\"-1\" autocomplete=\"new-password\" \/><\/span><br \/>\n<input class=\"wpcf7-form-control wpcf7-submit has-spinner\" type=\"submit\" value=\"Send\" \/>\n<\/p><input type='hidden' class='wpcf7-pum' value='{\"closepopup\":false,\"closedelay\":0,\"openpopup\":false,\"openpopup_id\":0}' \/><div class=\"wpcf7-response-output\" aria-hidden=\"true\"><\/div>\n<input type=\"hidden\" name=\"trp-form-language\" value=\"en\"\/><\/form>\n<\/div>\n\n<\/div>\n\n\n\n<div class=\"wp-block-column kontaktspaltelinks is-layout-flow wp-block-column-is-layout-flow\" style=\"flex-basis:40%\">\n<figure class=\"wp-block-image size-full logo\"><img decoding=\"async\" width=\"600\" height=\"268\" src=\"https:\/\/www.rexxon.de\/wp-content\/uploads\/2022\/01\/logo_rexxon.png\" alt=\"\" class=\"wp-image-35\" srcset=\"https:\/\/www.rexxon.de\/wp-content\/uploads\/2022\/01\/logo_rexxon.png 600w, https:\/\/www.rexxon.de\/wp-content\/uploads\/2022\/01\/logo_rexxon-300x134.png 300w, https:\/\/www.rexxon.de\/wp-content\/uploads\/2022\/01\/logo_rexxon-18x8.png 18w\" sizes=\"(max-width: 600px) 100vw, 600px\" \/><\/figure>\n\n\n\n<p><strong><strong>REXXON GmbH<\/strong><\/strong><\/p>\n\n\n\n<p>Mads-Clausen-Str. 7<br>GER-24939 Flensburg<\/p>\n\n\n\n<p>phone: <a href=\"tel:+494611606850\">+49 (0)461 160685-0<\/a><br>e-mail: <a href=\"mailto:info@rexxon.de\">info@rexxon.de<\/a><\/p>\n\n\n\n<hr class=\"wp-block-separator has-css-opacity\"\/>\n\n\n\n<p><strong>Directions<\/strong><\/p>\n\n\n\n<iframe src=\"https:\/\/www.google.com\/maps\/embed?pb=!1m14!1m8!1m3!1d4597.7969343297655!2d9.4177!3d54.8169!3m2!1i1024!2i768!4f13.1!3m3!1m2!1s0x47b342d594c649e1%3A0x66b402006059aeb5!2sMads-Clausen-Stra%C3%9Fe%207%2C%2024939%20Flensburg!5e0!3m2!1sde!2sde!4v1643122922676!5m2!1sde!2sde\" style=\"border:0;\" allowfullscreen=\"\" loading=\"lazy\" width=\"600\" height=\"450\"><\/iframe>\n<\/div>\n<\/div>\n<\/div><\/div>\n\n\n\n<hr class=\"wp-block-separator has-css-opacity is-style-wide\"\/>\n\n\n\n<div class=\"wp-block-group maxwidth ansprechpartnerholder\"><div class=\"wp-block-group__inner-container is-layout-flow wp-block-group-is-layout-flow\">\n<h3 class=\"wp-block-heading has-text-align-center\" id=\"historie\">Contact person<\/h3>\n\n\n\n<div style=\"height:40px\" aria-hidden=\"true\" class=\"wp-block-spacer\"><\/div>\n\n\n\n<div class=\"wp-block-columns ansprechpartnerspalten is-layout-flex wp-container-core-columns-is-layout-9d6595d7 wp-block-columns-is-layout-flex\">\n<div class=\"wp-block-column ansprechpartnerspalte is-layout-flow wp-block-column-is-layout-flow\">\n<div class=\"wp-block-group ansprechpartnergrp\"><div class=\"wp-block-group__inner-container is-layout-flow wp-block-group-is-layout-flow\">\n<h4 class=\"wp-block-heading\" id=\"geschaftsfuhrung\">Management<\/h4>\n\n\n\n<p class=\"ansprechpartnername\" id=\"dipl-ing-jorn-kleinwort\"><strong>Dipl.-Ing. J\u00f6rn Kleinwort<\/strong><\/p>\n\n\n\n<p><em>Manager<\/em><\/p>\n\n\n\n<p>phone +49 (0)461 160685-0<br>Telefax +49 (0)461 160685-911<\/p>\n<\/div><\/div>\n<\/div>\n\n\n\n<div class=\"wp-block-column ansprechpartnerspalte is-layout-flow wp-block-column-is-layout-flow\">\n<div class=\"wp-block-group ansprechpartnergrp\"><div class=\"wp-block-group__inner-container is-layout-flow wp-block-group-is-layout-flow\">\n<h4 class=\"wp-block-heading\" id=\"geschaftsfuhrung\">Quality management \/ assurance<\/h4>\n\n\n\n<p class=\"ansprechpartnername\" id=\"dipl-ing-fh-heinrich-runte\"><strong>Dipl.-Ing. (FH) Heinrich Runte<\/strong><\/p>\n\n\n\n<p><em>Quality management<\/em><\/p>\n\n\n\n<p>phone +49 (0)461 160685-130<br>Telefax +49 (0)461 160685-913<br><a href=\"mailto:h.runte@rexxon.de\">h.runte@rexxon.de<\/a><\/p>\n<\/div><\/div>\n<\/div>\n\n\n\n<div class=\"wp-block-column ansprechpartnerspalte is-layout-flow wp-block-column-is-layout-flow\">\n<div class=\"wp-block-group ansprechpartnergrp\"><div class=\"wp-block-group__inner-container is-layout-flow wp-block-group-is-layout-flow\">\n<h4 class=\"wp-block-heading\" id=\"geschaftsfuhrung\">Finance and accounting<\/h4>\n\n\n\n<p class=\"ansprechpartnername\" id=\"linda-stropp\"><strong><strong>BBA (UAS)<\/strong><\/strong> <strong>Martina Petersen<\/strong><\/p>\n\n\n\n<p><em>Accounting<\/em><\/p>\n\n\n\n<p>Telefon +49 (0)461 160685-114<br>Telefax +49 (0)461 160685-911<br><a href=\"mailto:e.dreblow@rexxon.de\">m.petersen@rexxon.de<\/a><\/p>\n<\/div><\/div>\n<\/div>\n<\/div>\n\n\n\n<div class=\"wp-block-columns ansprechpartnerspalten is-layout-flex wp-container-core-columns-is-layout-9d6595d7 wp-block-columns-is-layout-flex\">\n<div class=\"wp-block-column ansprechpartnerspalte is-layout-flow wp-block-column-is-layout-flow\">\n<div class=\"wp-block-group ansprechpartnergrp\"><div class=\"wp-block-group__inner-container is-layout-flow wp-block-group-is-layout-flow\">\n<h4 class=\"wp-block-heading\" id=\"geschaftsfuhrung\">Distribution<\/h4>\n\n\n\n<p class=\"ansprechpartnername\" id=\"dipl-ing-norbert-borrmann\"><strong>Dipl.-Ing. Norbert Borrmann<\/strong><\/p>\n\n\n\n<p><em>Procurator \/ technical manager<\/em><\/p>\n\n\n\n<p>phone +49 (0)461 160685-200<br>Telefax +49 (0)461 160685-911<br><a href=\"mailto:n.borrmann@rexxon.de\">n.borrmann@rexxon.de<\/a><\/p>\n\n\n\n<div style=\"height:20px\" aria-hidden=\"true\" class=\"wp-block-spacer\"><\/div>\n\n\n\n<hr class=\"wp-block-separator has-text-color has-css-opacity has-background is-style-wide\" style=\"background-color:#dddddd;color:#dddddd\"\/>\n\n\n\n<p class=\"ansprechpartnername\" id=\"finn-sappert\"><strong>Finn Sappert<\/strong><\/p>\n\n\n\n<p><em>Procurator \/ commercial manager<\/em><\/p>\n\n\n\n<p>phone +49 (0)461 160685-400<br>Telefax +49 (0)461 160685-911<br><a href=\"mailto:f.sappert@rexxon.de\">f.sappert@rexxon.de<\/a><\/p>\n<\/div><\/div>\n<\/div>\n\n\n\n<div class=\"wp-block-column ansprechpartnerspalte is-layout-flow wp-block-column-is-layout-flow\">\n<div class=\"wp-block-group ansprechpartnergrp\"><div class=\"wp-block-group__inner-container is-layout-flow wp-block-group-is-layout-flow\">\n<h4 class=\"wp-block-heading\" id=\"geschaftsfuhrung\">Purchasing \/ MRP<\/h4>\n\n\n\n<p class=\"ansprechpartnername\" id=\"b-eng-patrick-meisterling\"><strong>B. Eng. Patrick Meisterling<\/strong><\/p>\n\n\n\n<p><em>Head of procurement<\/em><\/p>\n\n\n\n<p>phone +49 (0)461 160685-410<br>Telefax +49 (0)461 160685-941<br><a href=\"mailto:p.meisterling@rexxon.de\">p.meisterling@rexxon.de<\/a><\/p>\n<\/div><\/div>\n<\/div>\n\n\n\n<div class=\"wp-block-column ansprechpartnerspalte is-layout-flow wp-block-column-is-layout-flow\">\n<div class=\"wp-block-group ansprechpartnergrp\"><div class=\"wp-block-group__inner-container is-layout-flow wp-block-group-is-layout-flow\">\n<h4 class=\"wp-block-heading\" id=\"geschaftsfuhrung\">Manufacturing \/ Service<\/h4>\n\n\n\n<p class=\"ansprechpartnername\" id=\"karl-heinz-heeren\"><strong>Karl-Heinz Heeren<\/strong><\/p>\n\n\n\n<p><em>Manufacturing \/ Service<\/em><\/p>\n\n\n\n<p>phone +49 (0)461 160685-300<br>Telefax +49 (0)461 160685-942<br><a href=\"mailto:kh.heeren@rexxon.de\">kh.heeren@rexxon.de<\/a><\/p>\n<\/div><\/div>\n<\/div>\n<\/div>\n<\/div><\/div>","protected":false},"excerpt":{"rendered":"<p>REXXON GmbH Mads-Clausen-Str. 7D-24939 Flensburg Telefon: +49 (0)461 160685-0E-Mail: info@rexxon.de Anfahrt Ansprechpartner Gesch\u00e4ftsf\u00fchrung Dipl.-Ing. J\u00f6rn Kleinwort Gesch\u00e4ftsf\u00fchrer Telefon +49 (0)461 160685-0Telefax +49 (0)461 160685-911 Qualit\u00e4tsmanagement \/ -sicherung Dipl.-Ing. (FH) Heinrich Runte Qualit\u00e4tsmanagement Telefon +49 (0)461 160685-130Telefax +49 (0)461 160685-913h.runte@rexxon.de Finanz- und Rechnungswesen Dipl.-Betriebsw. (FH) Martina Petersen Buchhaltung Telefon +49 (0)461 160685-114Telefax +49 (0)461 160685-911m.petersen@rexxon.de Vertrieb [&hellip;]<\/p>\n","protected":false},"author":1,"featured_media":0,"parent":0,"menu_order":6,"comment_status":"closed","ping_status":"closed","template":"","meta":{"footnotes":""},"class_list":["post-21","page","type-page","status-publish","hentry"],"yoast_head":"<!-- This site is optimized with the Yoast SEO plugin v27.5 - https:\/\/yoast.com\/product\/yoast-seo-wordpress\/ -->\n<title>Kontakt zu Rexxon - Wir freuen uns von Ihnen zu h\u00f6ren!<\/title>\n<meta name=\"description\" content=\"Schreiben Sie uns oder rufen Sie einfach direkt an! Wir stehen Ihnen f\u00fcr ein individuelles Beratungsgespr\u00e4ch gerne zur Verf\u00fcgung.\" \/>\n<meta name=\"robots\" content=\"index, follow, max-snippet:-1, max-image-preview:large, max-video-preview:-1\" \/>\n<link rel=\"canonical\" href=\"https:\/\/www.rexxon.de\/en\/kontakt\/\" \/>\n<meta property=\"og:locale\" content=\"en_GB\" \/>\n<meta property=\"og:type\" content=\"article\" \/>\n<meta property=\"og:title\" content=\"Kontakt zu Rexxon - Wir freuen uns von Ihnen zu h\u00f6ren!\" \/>\n<meta property=\"og:description\" content=\"Schreiben Sie uns oder rufen Sie einfach direkt an! Wir stehen Ihnen f\u00fcr ein individuelles Beratungsgespr\u00e4ch gerne zur Verf\u00fcgung.\" \/>\n<meta property=\"og:url\" content=\"https:\/\/www.rexxon.de\/en\/kontakt\/\" \/>\n<meta property=\"og:site_name\" content=\"Rexxon\" \/>\n<meta property=\"article:modified_time\" content=\"2025-01-30T09:01:17+00:00\" \/>\n<meta property=\"og:image\" content=\"https:\/\/www.rexxon.de\/wp-content\/uploads\/2022\/02\/header_kontakt.jpg\" \/>\n\t<meta property=\"og:image:width\" content=\"1920\" \/>\n\t<meta property=\"og:image:height\" content=\"600\" \/>\n\t<meta property=\"og:image:type\" content=\"image\/jpeg\" \/>\n<meta name=\"twitter:card\" content=\"summary_large_image\" \/>\n<meta name=\"twitter:label1\" content=\"Estimated reading time\" \/>\n\t<meta name=\"twitter:data1\" content=\"2 minutes\" \/>\n<script type=\"application\/ld+json\" class=\"yoast-schema-graph\">{\"@context\":\"https:\\\/\\\/schema.org\",\"@graph\":[{\"@type\":\"WebPage\",\"@id\":\"https:\\\/\\\/www.rexxon.de\\\/kontakt\\\/\",\"url\":\"https:\\\/\\\/www.rexxon.de\\\/kontakt\\\/\",\"name\":\"Kontakt zu Rexxon - Wir freuen uns von Ihnen zu h\u00f6ren!\",\"isPartOf\":{\"@id\":\"https:\\\/\\\/www.rexxon.de\\\/#website\"},\"primaryImageOfPage\":{\"@id\":\"https:\\\/\\\/www.rexxon.de\\\/kontakt\\\/#primaryimage\"},\"image\":{\"@id\":\"https:\\\/\\\/www.rexxon.de\\\/kontakt\\\/#primaryimage\"},\"thumbnailUrl\":\"https:\\\/\\\/www.rexxon.de\\\/wp-content\\\/uploads\\\/2022\\\/02\\\/header_kontakt.jpg\",\"datePublished\":\"2022-01-07T10:00:40+00:00\",\"dateModified\":\"2025-01-30T09:01:17+00:00\",\"description\":\"Schreiben Sie uns oder rufen Sie einfach direkt an! Wir stehen Ihnen f\u00fcr ein individuelles Beratungsgespr\u00e4ch gerne zur Verf\u00fcgung.\",\"breadcrumb\":{\"@id\":\"https:\\\/\\\/www.rexxon.de\\\/kontakt\\\/#breadcrumb\"},\"inLanguage\":\"en-GB\",\"potentialAction\":[{\"@type\":\"ReadAction\",\"target\":[\"https:\\\/\\\/www.rexxon.de\\\/kontakt\\\/\"]}]},{\"@type\":\"ImageObject\",\"inLanguage\":\"en-GB\",\"@id\":\"https:\\\/\\\/www.rexxon.de\\\/kontakt\\\/#primaryimage\",\"url\":\"https:\\\/\\\/www.rexxon.de\\\/wp-content\\\/uploads\\\/2022\\\/02\\\/header_kontakt.jpg\",\"contentUrl\":\"https:\\\/\\\/www.rexxon.de\\\/wp-content\\\/uploads\\\/2022\\\/02\\\/header_kontakt.jpg\"},{\"@type\":\"BreadcrumbList\",\"@id\":\"https:\\\/\\\/www.rexxon.de\\\/kontakt\\\/#breadcrumb\",\"itemListElement\":[{\"@type\":\"ListItem\",\"position\":1,\"name\":\"Startseite\",\"item\":\"https:\\\/\\\/www.rexxon.de\\\/\"},{\"@type\":\"ListItem\",\"position\":2,\"name\":\"Kontakt\"}]},{\"@type\":\"WebSite\",\"@id\":\"https:\\\/\\\/www.rexxon.de\\\/#website\",\"url\":\"https:\\\/\\\/www.rexxon.de\\\/\",\"name\":\"Rexxon\",\"description\":\"Ihr Spezialist f\u00fcr Klimatechnik, Elektronik,  elektrotechnische Ausr\u00fcstung und Software f\u00fcr den mobilen Einsatz\",\"publisher\":{\"@id\":\"https:\\\/\\\/www.rexxon.de\\\/#organization\"},\"potentialAction\":[{\"@type\":\"SearchAction\",\"target\":{\"@type\":\"EntryPoint\",\"urlTemplate\":\"https:\\\/\\\/www.rexxon.de\\\/?s={search_term_string}\"},\"query-input\":{\"@type\":\"PropertyValueSpecification\",\"valueRequired\":true,\"valueName\":\"search_term_string\"}}],\"inLanguage\":\"en-GB\"},{\"@type\":\"Organization\",\"@id\":\"https:\\\/\\\/www.rexxon.de\\\/#organization\",\"name\":\"REXXON GmbH\",\"url\":\"https:\\\/\\\/www.rexxon.de\\\/\",\"logo\":{\"@type\":\"ImageObject\",\"inLanguage\":\"en-GB\",\"@id\":\"https:\\\/\\\/www.rexxon.de\\\/#\\\/schema\\\/logo\\\/image\\\/\",\"url\":\"https:\\\/\\\/www.rexxon.de\\\/wp-content\\\/uploads\\\/2022\\\/01\\\/logo_rexxon.png\",\"contentUrl\":\"https:\\\/\\\/www.rexxon.de\\\/wp-content\\\/uploads\\\/2022\\\/01\\\/logo_rexxon.png\",\"width\":600,\"height\":268,\"caption\":\"REXXON GmbH\"},\"image\":{\"@id\":\"https:\\\/\\\/www.rexxon.de\\\/#\\\/schema\\\/logo\\\/image\\\/\"},\"sameAs\":[\"https:\\\/\\\/www.linkedin.com\\\/company\\\/rexxon-flensburg\"]}]}<\/script>\n<!-- \/ Yoast SEO plugin. -->","yoast_head_json":{"title":"Kontakt zu Rexxon - Wir freuen uns von Ihnen zu h\u00f6ren!","description":"Schreiben Sie uns oder rufen Sie einfach direkt an! Wir stehen Ihnen f\u00fcr ein individuelles Beratungsgespr\u00e4ch gerne zur Verf\u00fcgung.","robots":{"index":"index","follow":"follow","max-snippet":"max-snippet:-1","max-image-preview":"max-image-preview:large","max-video-preview":"max-video-preview:-1"},"canonical":"https:\/\/www.rexxon.de\/en\/kontakt\/","og_locale":"en_GB","og_type":"article","og_title":"Kontakt zu Rexxon - Wir freuen uns von Ihnen zu h\u00f6ren!","og_description":"Schreiben Sie uns oder rufen Sie einfach direkt an! Wir stehen Ihnen f\u00fcr ein individuelles Beratungsgespr\u00e4ch gerne zur Verf\u00fcgung.","og_url":"https:\/\/www.rexxon.de\/en\/kontakt\/","og_site_name":"Rexxon","article_modified_time":"2025-01-30T09:01:17+00:00","og_image":[{"width":1920,"height":600,"url":"https:\/\/www.rexxon.de\/wp-content\/uploads\/2022\/02\/header_kontakt.jpg","type":"image\/jpeg"}],"twitter_card":"summary_large_image","twitter_misc":{"Estimated reading time":"2 minutes"},"schema":{"@context":"https:\/\/schema.org","@graph":[{"@type":"WebPage","@id":"https:\/\/www.rexxon.de\/kontakt\/","url":"https:\/\/www.rexxon.de\/kontakt\/","name":"Kontakt zu Rexxon - Wir freuen uns von Ihnen zu h\u00f6ren!","isPartOf":{"@id":"https:\/\/www.rexxon.de\/#website"},"primaryImageOfPage":{"@id":"https:\/\/www.rexxon.de\/kontakt\/#primaryimage"},"image":{"@id":"https:\/\/www.rexxon.de\/kontakt\/#primaryimage"},"thumbnailUrl":"https:\/\/www.rexxon.de\/wp-content\/uploads\/2022\/02\/header_kontakt.jpg","datePublished":"2022-01-07T10:00:40+00:00","dateModified":"2025-01-30T09:01:17+00:00","description":"Schreiben Sie uns oder rufen Sie einfach direkt an! Wir stehen Ihnen f\u00fcr ein individuelles Beratungsgespr\u00e4ch gerne zur Verf\u00fcgung.","breadcrumb":{"@id":"https:\/\/www.rexxon.de\/kontakt\/#breadcrumb"},"inLanguage":"en-GB","potentialAction":[{"@type":"ReadAction","target":["https:\/\/www.rexxon.de\/kontakt\/"]}]},{"@type":"ImageObject","inLanguage":"en-GB","@id":"https:\/\/www.rexxon.de\/kontakt\/#primaryimage","url":"https:\/\/www.rexxon.de\/wp-content\/uploads\/2022\/02\/header_kontakt.jpg","contentUrl":"https:\/\/www.rexxon.de\/wp-content\/uploads\/2022\/02\/header_kontakt.jpg"},{"@type":"BreadcrumbList","@id":"https:\/\/www.rexxon.de\/kontakt\/#breadcrumb","itemListElement":[{"@type":"ListItem","position":1,"name":"Startseite","item":"https:\/\/www.rexxon.de\/"},{"@type":"ListItem","position":2,"name":"Kontakt"}]},{"@type":"WebSite","@id":"https:\/\/www.rexxon.de\/#website","url":"https:\/\/www.rexxon.de\/","name":"Rexxon","description":"Ihr Spezialist f\u00fcr Klimatechnik, Elektronik,  elektrotechnische Ausr\u00fcstung und Software f\u00fcr den mobilen Einsatz","publisher":{"@id":"https:\/\/www.rexxon.de\/#organization"},"potentialAction":[{"@type":"SearchAction","target":{"@type":"EntryPoint","urlTemplate":"https:\/\/www.rexxon.de\/?s={search_term_string}"},"query-input":{"@type":"PropertyValueSpecification","valueRequired":true,"valueName":"search_term_string"}}],"inLanguage":"en-GB"},{"@type":"Organization","@id":"https:\/\/www.rexxon.de\/#organization","name":"REXXON GmbH","url":"https:\/\/www.rexxon.de\/","logo":{"@type":"ImageObject","inLanguage":"en-GB","@id":"https:\/\/www.rexxon.de\/#\/schema\/logo\/image\/","url":"https:\/\/www.rexxon.de\/wp-content\/uploads\/2022\/01\/logo_rexxon.png","contentUrl":"https:\/\/www.rexxon.de\/wp-content\/uploads\/2022\/01\/logo_rexxon.png","width":600,"height":268,"caption":"REXXON GmbH"},"image":{"@id":"https:\/\/www.rexxon.de\/#\/schema\/logo\/image\/"},"sameAs":["https:\/\/www.linkedin.com\/company\/rexxon-flensburg"]}]}},"_links":{"self":[{"href":"https:\/\/www.rexxon.de\/en\/wp-json\/wp\/v2\/pages\/21","targetHints":{"allow":["GET"]}}],"collection":[{"href":"https:\/\/www.rexxon.de\/en\/wp-json\/wp\/v2\/pages"}],"about":[{"href":"https:\/\/www.rexxon.de\/en\/wp-json\/wp\/v2\/types\/page"}],"author":[{"embeddable":true,"href":"https:\/\/www.rexxon.de\/en\/wp-json\/wp\/v2\/users\/1"}],"replies":[{"embeddable":true,"href":"https:\/\/www.rexxon.de\/en\/wp-json\/wp\/v2\/comments?post=21"}],"version-history":[{"count":29,"href":"https:\/\/www.rexxon.de\/en\/wp-json\/wp\/v2\/pages\/21\/revisions"}],"predecessor-version":[{"id":687,"href":"https:\/\/www.rexxon.de\/en\/wp-json\/wp\/v2\/pages\/21\/revisions\/687"}],"wp:attachment":[{"href":"https:\/\/www.rexxon.de\/en\/wp-json\/wp\/v2\/media?parent=21"}],"curies":[{"name":"wp","href":"https:\/\/api.w.org\/{rel}","templated":true}]}}